{"id":24462,"date":"2026-03-27T09:12:11","date_gmt":"2026-03-27T12:12:11","guid":{"rendered":"http:\/\/rubensabrao.com.br\/index.php\/home\/"},"modified":"2026-03-27T09:12:11","modified_gmt":"2026-03-27T12:12:11","slug":"home","status":"publish","type":"page","link":"https:\/\/bimabrao.com.br\/","title":{"rendered":"Home"},"content":{"rendered":"\t\t<div data-elementor-type=\"wp-page\" data-elementor-id=\"24462\" class=\"elementor elementor-24462\">\n\t\t\t\t<div class=\"elementor-element elementor-element-76ae634b e-flex e-con-boxed e-con e-parent\" data-id=\"76ae634b\" data-element_type=\"container\" data-e-type=\"container\" data-settings=\"{&quot;background_background&quot;:&quot;classic&quot;}\">\n\t\t\t\t\t<div class=\"e-con-inner\">\n\t\t<div class=\"elementor-element elementor-element-6b6b75ea e-con-full e-flex e-con e-child\" data-id=\"6b6b75ea\" data-element_type=\"container\" data-e-type=\"container\">\n\t\t<div class=\"elementor-element elementor-element-533724d8 e-con-full e-flex e-con e-child\" data-id=\"533724d8\" data-element_type=\"container\" data-e-type=\"container\">\n\t\t\t\t<div class=\"elementor-element elementor-element-375771f3 elementor-invisible elementor-widget elementor-widget-button\" data-id=\"375771f3\" data-element_type=\"widget\" data-e-type=\"widget\" data-settings=\"{&quot;_animation&quot;:&quot;fadeIn&quot;,&quot;_animation_delay&quot;:600}\" data-widget_type=\"button.default\">\n\t\t\t\t\t\t\t\t\t\t<a class=\"elementor-button elementor-button-link elementor-size-sm\" href=\"https:\/\/wa.me\/5516997273474?text=Ol\u00e1,%20Rubens!%20Vi%20em%20seu%20site%20a%20possibilidade%20de%20uma%20primeira%20sess\u00e3o%20sem%20custo%20e%20gostaria%20de%20agendar%20um%20hor\u00e1rio%20para%20conversarmos%20e%20eu%20conhecer%20o%20seu%20trabalho.\" target=\"_blank\">\n\t\t\t\t\t\t<span class=\"elementor-button-content-wrapper\">\n\t\t\t\t\t\t\t\t\t<span class=\"elementor-button-text\">Primeira Sess\u00e3o Sem Custo<\/span>\n\t\t\t\t\t<\/span>\n\t\t\t\t\t<\/a>\n\t\t\t\t\t\t\t\t<\/div>\n\t\t\t\t<div class=\"elementor-element elementor-element-74cc7e24 elementor-invisible elementor-widget elementor-widget-button\" data-id=\"74cc7e24\" data-element_type=\"widget\" data-e-type=\"widget\" data-settings=\"{&quot;_animation&quot;:&quot;fadeIn&quot;,&quot;_animation_delay&quot;:700}\" data-widget_type=\"button.default\">\n\t\t\t\t\t\t\t\t\t\t<a class=\"elementor-button elementor-button-link elementor-size-sm\" href=\"https:\/\/wa.me\/5516997273474?text=Ol\u00e1,%20Rubens!%20Gostaria%20de%20tirar%20algumas%20d\u00favidas%20sobre%20o%20seu%20atendimento%20online%20e%20entender%20melhor%20como%20funciona%20o%20seu%20processo%20de%20psican\u00e1lise%20e%20mentoria.\" target=\"_blank\">\n\t\t\t\t\t\t<span class=\"elementor-button-content-wrapper\">\n\t\t\t\t\t\t\t\t\t<span class=\"elementor-button-text\">Atendimento Online<\/span>\n\t\t\t\t\t<\/span>\n\t\t\t\t\t<\/a>\n\t\t\t\t\t\t\t\t<\/div>\n\t\t\t\t<\/div>\n\t\t<div class=\"elementor-element elementor-element-5347386 e-con-full e-flex e-con e-child\" data-id=\"5347386\" data-element_type=\"container\" data-e-type=\"container\">\n\t\t\t\t<div class=\"elementor-element elementor-element-f303585 elementor-invisible elementor-widget elementor-widget-button\" data-id=\"f303585\" data-element_type=\"widget\" data-e-type=\"widget\" data-settings=\"{&quot;_animation&quot;:&quot;fadeIn&quot;,&quot;_animation_delay&quot;:600}\" data-widget_type=\"button.default\">\n\t\t\t\t\t\t\t\t\t\t<a class=\"elementor-button elementor-button-link elementor-size-sm\" href=\"#clinica-social-rodape\">\n\t\t\t\t\t\t<span class=\"elementor-button-content-wrapper\">\n\t\t\t\t\t\t\t\t\t<span class=\"elementor-button-text\">Cl\u00ednica Social<\/span>\n\t\t\t\t\t<\/span>\n\t\t\t\t\t<\/a>\n\t\t\t\t\t\t\t\t<\/div>\n\t\t\t\t<\/div>\n\t\t<div class=\"elementor-element elementor-element-7a7aa5df e-con-full e-flex e-con e-child\" data-id=\"7a7aa5df\" data-element_type=\"container\" data-e-type=\"container\">\n\t\t\t\t<\/div>\n\t\t\t\t<\/div>\n\t\t\t\t\t<\/div>\n\t\t\t\t<\/div>\n\t\t<div class=\"elementor-element elementor-element-3f85ff1e e-con-full e-flex e-con e-parent\" data-id=\"3f85ff1e\" data-element_type=\"container\" data-e-type=\"container\" id=\"especialidades\" data-settings=\"{&quot;background_background&quot;:&quot;classic&quot;}\">\n\t\t<div class=\"elementor-element elementor-element-2d89953 e-flex e-con-boxed e-con e-child\" data-id=\"2d89953\" data-element_type=\"container\" data-e-type=\"container\" data-settings=\"{&quot;background_background&quot;:&quot;classic&quot;}\">\n\t\t\t\t\t<div class=\"e-con-inner\">\n\t\t<div class=\"elementor-element elementor-element-69563db3 e-grid e-con-full e-con e-child\" data-id=\"69563db3\" data-element_type=\"container\" data-e-type=\"container\">\n\t\t<div class=\"elementor-element elementor-element-5328e10 e-con-full e-flex elementor-invisible e-con e-child\" data-id=\"5328e10\" data-element_type=\"container\" data-e-type=\"container\" data-settings=\"{&quot;background_background&quot;:&quot;classic&quot;,&quot;animation&quot;:&quot;fadeIn&quot;,&quot;animation_delay&quot;:400}\">\n\t\t\t\t<div class=\"elementor-element elementor-element-584996f2 elementor-position-top elementor-widget elementor-widget-image-box\" data-id=\"584996f2\" data-element_type=\"widget\" data-e-type=\"widget\" data-widget_type=\"image-box.default\">\n\t\t\t\t\t<div class=\"elementor-image-box-wrapper\"><figure class=\"elementor-image-box-img\"><img decoding=\"async\" src=\"https:\/\/bimabrao.com.br\/wp-content\/uploads\/2026\/04\/icon1-1.jpg\" title=\"\" alt=\"\" loading=\"lazy\" \/><\/figure><div class=\"elementor-image-box-content\"><h3 class=\"elementor-image-box-title\">Psican\u00e1lise<\/h3><p class=\"elementor-image-box-description\">Voc\u00ea traz suas demandas, angustias, dores, seus lutos, traumas, dissabores, ansiedade, estresse, enfim, os problemas que est\u00e3o impactando sua vida e seu estado emocional.\nE eu trago o meu conhecimento, experi\u00eancia, t\u00e9cnicas, abordagens e tudo que aprendi ao longo da minha traget\u00f3ria psicanal\u00edtica.\nJuntos aliviaremos a carga e voc\u00ea se surpreender\u00e1 ao encontrar (quase que) por si s\u00f3,  um bom caminho para seguir sua jornada com autonomia.\n<\/p><\/div><\/div>\t\t\t\t<\/div>\n\t\t\t\t<div class=\"elementor-element elementor-element-28212f6b elementor-widget elementor-widget-button\" data-id=\"28212f6b\" data-element_type=\"widget\" data-e-type=\"widget\" data-widget_type=\"button.default\">\n\t\t\t\t\t\t\t\t\t\t<a class=\"elementor-button elementor-button-link elementor-size-sm\" href=\"https:\/\/wa.me\/5516997273474?text=Ol\u00e1,%20Rubens!%20Gostaria%20de%20tirar%20algumas%20d\u00favidas%20sobre%20o%20seu%20atendimento%20online%20e%20entender%20melhor%20como%20funciona%20o%20seu%20processo%20de%20psican\u00e1lise%20e%20mentoria.\" target=\"_blank\">\n\t\t\t\t\t\t<span class=\"elementor-button-content-wrapper\">\n\t\t\t\t\t\t<span class=\"elementor-button-icon\">\n\t\t\t\t<i aria-hidden=\"true\" class=\"icon icon-right-arrow\"><\/i>\t\t\t<\/span>\n\t\t\t\t\t\t\t\t\t<span class=\"elementor-button-text\">Entre em Contato<\/span>\n\t\t\t\t\t<\/span>\n\t\t\t\t\t<\/a>\n\t\t\t\t\t\t\t\t<\/div>\n\t\t\t\t<\/div>\n\t\t<div class=\"elementor-element elementor-element-4504599e e-con-full e-flex elementor-invisible e-con e-child\" data-id=\"4504599e\" data-element_type=\"container\" data-e-type=\"container\" data-settings=\"{&quot;background_background&quot;:&quot;classic&quot;,&quot;animation&quot;:&quot;fadeIn&quot;,&quot;animation_delay&quot;:400}\">\n\t\t\t\t<div class=\"elementor-element elementor-element-2fb594d0 elementor-position-top elementor-widget elementor-widget-image-box\" data-id=\"2fb594d0\" data-element_type=\"widget\" data-e-type=\"widget\" data-widget_type=\"image-box.default\">\n\t\t\t\t\t<div class=\"elementor-image-box-wrapper\"><figure class=\"elementor-image-box-img\"><img decoding=\"async\" src=\"https:\/\/bimabrao.com.br\/wp-content\/uploads\/2026\/04\/icon2-1.jpg\" title=\"\" alt=\"\" loading=\"lazy\" \/><\/figure><div class=\"elementor-image-box-content\"><h3 class=\"elementor-image-box-title\">Mentoria<\/h3><p class=\"elementor-image-box-description\">Voc\u00ea traz suas necessidades, seu projeto de vida ou de neg\u00f3cio, d\u00favidas sobre planejamentos e distribui\u00e7\u00e3o de atividades para projetos simples ou complexos, como organizar melhor o tempo conciliando trabalho, academia, relacionamentos e\/ou ainda atingir suas metas financeiras.\nEu vou ajudar voc\u00ea a montar um bom plano para sustentar seu projeto. Vou propor caminhos, antecipar riscos,  dificuldades e discutir alternativas. Podemos eleger marcadores (KPIs), criar controles e monitorar resultados de forma personalizada. S\u00e3o 30 anos de experi\u00eancia que trago na bagagem para nos ajudar nessa travessia. \n<\/p><\/div><\/div>\t\t\t\t<\/div>\n\t\t\t\t<div class=\"elementor-element elementor-element-8bc8ffb elementor-widget elementor-widget-button\" data-id=\"8bc8ffb\" data-element_type=\"widget\" data-e-type=\"widget\" data-widget_type=\"button.default\">\n\t\t\t\t\t\t\t\t\t\t<a class=\"elementor-button elementor-button-link elementor-size-sm\" href=\"https:\/\/wa.me\/5516997273474?text=Ol\u00e1,%20Rubens!%20Gostaria%20de%20tirar%20algumas%20d\u00favidas%20sobre%20o%20seu%20atendimento%20online%20e%20entender%20melhor%20como%20funciona%20o%20seu%20processo%20de%20psican\u00e1lise%20e%20mentoria.\" target=\"_blank\">\n\t\t\t\t\t\t<span class=\"elementor-button-content-wrapper\">\n\t\t\t\t\t\t<span class=\"elementor-button-icon\">\n\t\t\t\t<i aria-hidden=\"true\" class=\"icon icon-right-arrow\"><\/i>\t\t\t<\/span>\n\t\t\t\t\t\t\t\t\t<span class=\"elementor-button-text\">Entre em Contato<\/span>\n\t\t\t\t\t<\/span>\n\t\t\t\t\t<\/a>\n\t\t\t\t\t\t\t\t<\/div>\n\t\t\t\t<\/div>\n\t\t<div class=\"elementor-element elementor-element-1d4510a7 e-con-full e-flex elementor-invisible e-con e-child\" data-id=\"1d4510a7\" data-element_type=\"container\" data-e-type=\"container\" data-settings=\"{&quot;background_background&quot;:&quot;classic&quot;,&quot;animation&quot;:&quot;fadeIn&quot;,&quot;animation_delay&quot;:400}\">\n\t\t\t\t<div class=\"elementor-element elementor-element-5fcf231 elementor-position-top elementor-widget elementor-widget-image-box\" data-id=\"5fcf231\" data-element_type=\"widget\" data-e-type=\"widget\" data-widget_type=\"image-box.default\">\n\t\t\t\t\t<div class=\"elementor-image-box-wrapper\"><figure class=\"elementor-image-box-img\"><img decoding=\"async\" src=\"https:\/\/bimabrao.com.br\/wp-content\/uploads\/2026\/04\/icon3-1.jpg\" title=\"\" alt=\"\" loading=\"lazy\" \/><\/figure><div class=\"elementor-image-box-content\"><h3 class=\"elementor-image-box-title\">Mentoria com Terapia<\/h3><p class=\"elementor-image-box-description\">Durante um processo de mentoria \u00e9 natural que surjam dilemas de toda ordem e com eles v\u00eam ansiedade, frustra\u00e7\u00e3o, baixa estima, estresse, crises existenciais, morais, religiosas etc. Escolher por um caminho muitas vezes exige que se abandone outros e isso \u00e9 desconfortante. Caso voc\u00ea se encontre nesta situa\u00e7\u00e3o, o ideial \u00e9 utilizarmos uma abordagem de mentoria com terapia onde teremos momentos de escuta acolhedora e manejo cuidadoso. Assim, as a\u00e7\u00f5es delineadas na mentoria encontrar\u00e3o uma mente equilibrada para poder frutificar.<\/p><\/div><\/div>\t\t\t\t<\/div>\n\t\t\t\t<div class=\"elementor-element elementor-element-af193cd elementor-widget elementor-widget-button\" data-id=\"af193cd\" data-element_type=\"widget\" data-e-type=\"widget\" data-widget_type=\"button.default\">\n\t\t\t\t\t\t\t\t\t\t<a class=\"elementor-button elementor-button-link elementor-size-sm\" href=\"https:\/\/wa.me\/5516997273474?text=Ol\u00e1,%20Rubens!%20Gostaria%20de%20tirar%20algumas%20d\u00favidas%20sobre%20o%20seu%20atendimento%20online%20e%20entender%20melhor%20como%20funciona%20o%20seu%20processo%20de%20psican\u00e1lise%20e%20mentoria.\" target=\"_blank\">\n\t\t\t\t\t\t<span class=\"elementor-button-content-wrapper\">\n\t\t\t\t\t\t<span class=\"elementor-button-icon\">\n\t\t\t\t<i aria-hidden=\"true\" class=\"icon icon-right-arrow\"><\/i>\t\t\t<\/span>\n\t\t\t\t\t\t\t\t\t<span class=\"elementor-button-text\">Entre em Contato<\/span>\n\t\t\t\t\t<\/span>\n\t\t\t\t\t<\/a>\n\t\t\t\t\t\t\t\t<\/div>\n\t\t\t\t<\/div>\n\t\t\t\t<\/div>\n\t\t\t\t\t<\/div>\n\t\t\t\t<\/div>\n\t\t\t\t<\/div>\n\t\t<div class=\"elementor-element elementor-element-4b9ea699 e-flex e-con-boxed e-con e-parent\" data-id=\"4b9ea699\" data-element_type=\"container\" data-e-type=\"container\" id=\"sobre-mim\" data-settings=\"{&quot;background_background&quot;:&quot;classic&quot;}\">\n\t\t\t\t\t<div class=\"e-con-inner\">\n\t\t<div class=\"elementor-element elementor-element-3e97886c e-con-full e-flex e-con e-child\" data-id=\"3e97886c\" data-element_type=\"container\" data-e-type=\"container\">\n\t\t<div class=\"elementor-element elementor-element-4e12e49 e-con-full e-flex e-con e-child\" data-id=\"4e12e49\" data-element_type=\"container\" data-e-type=\"container\">\n\t\t<div class=\"elementor-element elementor-element-eb9c0dd e-con-full e-flex e-con e-child\" data-id=\"eb9c0dd\" data-element_type=\"container\" data-e-type=\"container\">\n\t\t\t\t<div class=\"elementor-element elementor-element-433fd6b elementor-widget elementor-widget-image\" data-id=\"433fd6b\" data-element_type=\"widget\" data-e-type=\"widget\" data-widget_type=\"image.default\">\n\t\t\t\t\t\t\t\t\t\t\t\t\t\t\t\t<a href=\"https:\/\/abpsicanalise.org\/membros\/\" target=\"_blank\">\n\t\t\t\t\t\t\t<img decoding=\"async\" src=\"http:\/\/rubensabrao.com.br\/wp-content\/uploads\/2026\/04\/WhatsApp-Image-2026-04-13-at-16.27.38.jpeg\" title=\"\" alt=\"\" loading=\"lazy\" \/>\t\t\t\t\t\t\t\t<\/a>\n\t\t\t\t\t\t\t\t\t\t\t\t\t\t\t<\/div>\n\t\t\t\t<\/div>\n\t\t<div class=\"elementor-element elementor-element-dfcd2a9 e-con-full e-flex e-con e-child\" data-id=\"dfcd2a9\" data-element_type=\"container\" data-e-type=\"container\">\n\t\t\t\t<div class=\"elementor-element elementor-element-211e6c6 elementor-invisible elementor-widget elementor-widget-text-editor\" data-id=\"211e6c6\" data-element_type=\"widget\" data-e-type=\"widget\" data-settings=\"{&quot;_animation&quot;:&quot;fadeIn&quot;,&quot;_animation_delay&quot;:400}\" data-widget_type=\"text-editor.default\">\n\t\t\t\t\t\t\t\t\t<p>Sou Psicanalista cl\u00ednico formado pelo instituto T\u00e1vola-Esfera de Ribeir\u00e3o Preto-SP. Afiliado a Associa\u00e7\u00e3o Brasileira de Psican\u00e1lise (ABP 10.484 <a href=\"https:\/\/abpsicanalise.org\/membros\/\"><em><u>Link<\/u><\/em><\/a>). Tamb\u00e9m graduado em Filosofia pela Universidade Claretiano e em Engenharia pela Universidade Federal de Itajub\u00e1-MG (UNIFEI), com MBA em empreendedorismo pela ESPM-RJ.<\/p><p>Trabalho com <strong>Psican\u00e1lise<\/strong> utilizando escuta e olhar atentos a detalhes muitas vezes impercept\u00edveis. Entendo que cada ser humano possui peculiaridades que o fazem \u00fanico e conduzo as sess\u00f5es em conjunto com a pessoa atendida que, via de regra j\u00e1 tem as respostas para seus dilemas em seu inconsciente e s\u00f3 precisam de um direcionamento para encontra-las. Minha experi\u00eancia e atividades de estudo permanente proporciona um tratamento terap\u00eautico aliviante para as pessoas que me chegam em sofrimento ou apenas buscando uma forma de seguirem suas vidas com a alma pacificada.<\/p><p>Trabalho tamb\u00e9m com <strong>Mentoria<\/strong> valendo do conhecimento que adquiri com 30 anos de experi\u00eancia profissional e estudos. Durante nossos encontros mapearemos os principais pontos a serem trabalhados, cortaremos caminhos quando necess\u00e1rio, economizaremos tempo e dinheiro, elegeremos indicadores de controles e objetivos de curto, m\u00e9dio e longo prazos.<\/p><p>Al\u00e9m da cl\u00ednica, dedico parte do tempo a escrever ensaios e composi\u00e7\u00e3o musical autoral . Acredito na m\u00fasica e na escrita livre como ferramentas de promo\u00e7\u00e3o cultural, transforma\u00e7\u00e3o pessoal, agregadores sociais e muitas vezes, potentes v\u00e1lvulas de escape.<\/p>\t\t\t\t\t\t\t\t<\/div>\n\t\t<div class=\"elementor-element elementor-element-8e0500d e-con-full e-flex e-con e-child\" data-id=\"8e0500d\" data-element_type=\"container\" data-e-type=\"container\">\n\t\t<div class=\"elementor-element elementor-element-5158bd9 e-con-full e-flex e-con e-child\" data-id=\"5158bd9\" data-element_type=\"container\" data-e-type=\"container\">\n\t\t\t\t<div class=\"elementor-element elementor-element-ccd2142 elementor-invisible elementor-widget elementor-widget-button\" data-id=\"ccd2142\" data-element_type=\"widget\" data-e-type=\"widget\" data-settings=\"{&quot;_animation&quot;:&quot;fadeIn&quot;,&quot;_animation_delay&quot;:600}\" data-widget_type=\"button.default\">\n\t\t\t\t\t\t\t\t\t\t<a class=\"elementor-button elementor-button-link elementor-size-sm\" href=\"https:\/\/wa.me\/5516997273474?text=Ol\u00e1,%20Rubens!%20Vi%20em%20seu%20site%20a%20possibilidade%20de%20uma%20primeira%20sess\u00e3o%20sem%20custo%20e%20gostaria%20de%20agendar%20um%20hor\u00e1rio%20para%20conversarmos%20e%20eu%20conhecer%20o%20seu%20trabalho.\" target=\"_blank\">\n\t\t\t\t\t\t<span class=\"elementor-button-content-wrapper\">\n\t\t\t\t\t\t\t\t\t<span class=\"elementor-button-text\">Primeira Sess\u00e3o Sem Custo<\/span>\n\t\t\t\t\t<\/span>\n\t\t\t\t\t<\/a>\n\t\t\t\t\t\t\t\t<\/div>\n\t\t\t\t<\/div>\n\t\t<div class=\"elementor-element elementor-element-3c491c7 e-con-full e-flex e-con e-child\" data-id=\"3c491c7\" data-element_type=\"container\" data-e-type=\"container\">\n\t\t\t\t<div class=\"elementor-element elementor-element-1794033 elementor-mobile-align-justify elementor-widget-mobile__width-inherit elementor-invisible elementor-widget elementor-widget-button\" data-id=\"1794033\" data-element_type=\"widget\" data-e-type=\"widget\" data-settings=\"{&quot;_animation&quot;:&quot;fadeIn&quot;,&quot;_animation_delay&quot;:700}\" data-widget_type=\"button.default\">\n\t\t\t\t\t\t\t\t\t\t<a class=\"elementor-button elementor-button-link elementor-size-sm\" href=\"https:\/\/wa.me\/5516997273474?text=Ol\u00e1,%20Rubens!%20Gostaria%20de%20tirar%20algumas%20d\u00favidas%20sobre%20o%20seu%20atendimento%20online%20e%20entender%20melhor%20como%20funciona%20o%20seu%20processo%20de%20psican\u00e1lise%20e%20mentoria.\" target=\"_blank\">\n\t\t\t\t\t\t<span class=\"elementor-button-content-wrapper\">\n\t\t\t\t\t\t\t\t\t<span class=\"elementor-button-text\">Atendimento Online<\/span>\n\t\t\t\t\t<\/span>\n\t\t\t\t\t<\/a>\n\t\t\t\t\t\t\t\t<\/div>\n\t\t\t\t<\/div>\n\t\t<div class=\"elementor-element elementor-element-9f2f2e7 e-con-full e-flex e-con e-child\" data-id=\"9f2f2e7\" data-element_type=\"container\" data-e-type=\"container\">\n\t\t\t\t<div class=\"elementor-element elementor-element-c8228db elementor-invisible elementor-widget elementor-widget-button\" data-id=\"c8228db\" data-element_type=\"widget\" data-e-type=\"widget\" data-settings=\"{&quot;_animation&quot;:&quot;fadeIn&quot;,&quot;_animation_delay&quot;:600}\" data-widget_type=\"button.default\">\n\t\t\t\t\t\t\t\t\t\t<a class=\"elementor-button elementor-button-link elementor-size-sm\" href=\"#clinica-social-rodape\">\n\t\t\t\t\t\t<span class=\"elementor-button-content-wrapper\">\n\t\t\t\t\t\t\t\t\t<span class=\"elementor-button-text\">Cl\u00ednica Social<\/span>\n\t\t\t\t\t<\/span>\n\t\t\t\t\t<\/a>\n\t\t\t\t\t\t\t\t<\/div>\n\t\t\t\t<\/div>\n\t\t\t\t<\/div>\n\t\t\t\t<\/div>\n\t\t\t\t<\/div>\n\t\t\t\t<\/div>\n\t\t\t\t\t<\/div>\n\t\t\t\t<\/div>\n\t\t<div class=\"elementor-element elementor-element-167b4f33 e-flex e-con-boxed e-con e-parent\" data-id=\"167b4f33\" data-element_type=\"container\" data-e-type=\"container\" data-settings=\"{&quot;background_background&quot;:&quot;classic&quot;}\">\n\t\t\t\t\t<div class=\"e-con-inner\">\n\t\t\t\t<div class=\"elementor-element elementor-element-30e3e60 elementor-invisible elementor-widget elementor-widget-button\" data-id=\"30e3e60\" data-element_type=\"widget\" data-e-type=\"widget\" data-settings=\"{&quot;_animation&quot;:&quot;fadeIn&quot;,&quot;_animation_delay&quot;:600}\" data-widget_type=\"button.default\">\n\t\t\t\t\t\t\t\t\t\t<a class=\"elementor-button elementor-button-link elementor-size-sm\" href=\"https:\/\/bimabrao.com.br\/artigos\">\n\t\t\t\t\t\t<span class=\"elementor-button-content-wrapper\">\n\t\t\t\t\t\t\t\t\t<span class=\"elementor-button-text\">Clique Aqui para Conhecer outros Artigos<\/span>\n\t\t\t\t\t<\/span>\n\t\t\t\t\t<\/a>\n\t\t\t\t\t\t\t\t<\/div>\n\t\t\t\t\t<\/div>\n\t\t\t\t<\/div>\n\t\t<div class=\"elementor-element elementor-element-91429c9 e-flex e-con-boxed e-con e-parent\" data-id=\"91429c9\" data-element_type=\"container\" data-e-type=\"container\" id=\"duvidas-frequentes\" data-settings=\"{&quot;background_background&quot;:&quot;classic&quot;}\">\n\t\t\t\t\t<div class=\"e-con-inner\">\n\t\t<div class=\"elementor-element elementor-element-1d41c51 e-con-full e-flex e-con e-child\" data-id=\"1d41c51\" data-element_type=\"container\" data-e-type=\"container\">\n\t\t\t\t<\/div>\n\t\t\t\t\t<\/div>\n\t\t\t\t<\/div>\n\t\t<div class=\"elementor-element elementor-element-4bbbc65 e-flex e-con-boxed e-con e-parent\" data-id=\"4bbbc65\" data-element_type=\"container\" data-e-type=\"container\" data-settings=\"{&quot;background_background&quot;:&quot;classic&quot;}\">\n\t\t\t\t\t<div class=\"e-con-inner\">\n\t\t<div class=\"elementor-element elementor-element-919cf25 e-con-full e-flex e-con e-child\" data-id=\"919cf25\" data-element_type=\"container\" data-e-type=\"container\">\n\t\t\t\t<\/div>\n\t\t<div class=\"elementor-element elementor-element-578b199 e-con-full e-flex e-con e-child\" data-id=\"578b199\" data-element_type=\"container\" data-e-type=\"container\">\n\t\t\t\t<\/div>\n\t\t\t\t\t<\/div>\n\t\t\t\t<\/div>\n\t\t\t\t<\/div>\n\t\t","protected":false},"excerpt":{"rendered":"<p>Sa\u00fade, Tempo e Liberdade. Bens preciosos, merecedores de toda nossa aten\u00e7\u00e3o e cuidado. Primeira Sess\u00e3o Sem Custo Atendimento Online Cl\u00ednica Social Especialidades Psican\u00e1lise Voc\u00ea traz suas demandas, angustias, dores, seus lutos, traumas, dissabores, ansiedade, estresse, enfim, os problemas que est\u00e3o impactando sua vida e seu estado emocional. E eu trago o meu conhecimento, experi\u00eancia, t\u00e9cnicas, [&hellip;]<\/p>\n","protected":false},"author":1,"featured_media":0,"parent":0,"menu_order":0,"comment_status":"closed","ping_status":"closed","template":"","meta":{"footnotes":""},"class_list":["post-24462","page","type-page","status-publish","hentry"],"_links":{"self":[{"href":"https:\/\/bimabrao.com.br\/index.php\/wp-json\/wp\/v2\/pages\/24462","targetHints":{"allow":["GET"]}}],"collection":[{"href":"https:\/\/bimabrao.com.br\/index.php\/wp-json\/wp\/v2\/pages"}],"about":[{"href":"https:\/\/bimabrao.com.br\/index.php\/wp-json\/wp\/v2\/types\/page"}],"author":[{"embeddable":true,"href":"https:\/\/bimabrao.com.br\/index.php\/wp-json\/wp\/v2\/users\/1"}],"replies":[{"embeddable":true,"href":"https:\/\/bimabrao.com.br\/index.php\/wp-json\/wp\/v2\/comments?post=24462"}],"version-history":[{"count":0,"href":"https:\/\/bimabrao.com.br\/index.php\/wp-json\/wp\/v2\/pages\/24462\/revisions"}],"wp:attachment":[{"href":"https:\/\/bimabrao.com.br\/index.php\/wp-json\/wp\/v2\/media?parent=24462"}],"curies":[{"name":"wp","href":"https:\/\/api.w.org\/{rel}","templated":true}]}}